{"id":7,"date":"2025-11-07T18:01:58","date_gmt":"2025-11-07T18:01:58","guid":{"rendered":"https:\/\/web2503.forbrands.co\/?page_id=7"},"modified":"2025-11-08T17:52:24","modified_gmt":"2025-11-08T17:52:24","slug":"elementor-7","status":"publish","type":"page","link":"https:\/\/web2503.forbrands.co\/?page_id=7","title":{"rendered":"Elementor #7"},"content":{"rendered":"\t\t<div data-elementor-type=\"wp-post\" data-elementor-id=\"7\" class=\"elementor elementor-7\">\n\t\t\t\t<div class=\"elementor-element elementor-element-6ceeaf7 e-flex e-con-boxed e-con e-parent\" data-id=\"6ceeaf7\" data-element_type=\"container\" data-settings=\"{&quot;background_background&quot;:&quot;classic&quot;}\">\n\t\t\t\t\t<div class=\"e-con-inner\">\n\t\t<div class=\"elementor-element elementor-element-359ef00 e-con-full e-flex e-con e-child\" data-id=\"359ef00\" data-element_type=\"container\">\n\t\t<div class=\"elementor-element elementor-element-0c599ec e-grid e-con-full e-con e-child\" data-id=\"0c599ec\" data-element_type=\"container\">\n\t\t\t\t<div class=\"elementor-element elementor-element-831e3b7 elementor-widget elementor-widget-heading\" data-id=\"831e3b7\" data-element_type=\"widget\" data-widget_type=\"heading.default\">\n\t\t\t\t\t<h2 class=\"elementor-heading-title elementor-size-default\">\u00dasporn\u00e9 bydlen\u00ed s balkony, kter\u00e9 prom\u011bn\u00ed v\u00e1\u0161 \u017eivotn\u00ed prostor.<\/h2>\t\t\t\t<\/div>\n\t\t\t\t<div class=\"elementor-element elementor-element-69f4547 elementor-widget elementor-widget-text-editor\" data-id=\"69f4547\" data-element_type=\"widget\" data-widget_type=\"text-editor.default\">\n\t\t\t\t\t\t\t\t\t<p>Horizont Kam\u00fdk je m\u00edstem, kde za\u010d\u00edn\u00e1 nov\u00e1 kapitola va\u0161eho \u017eivota. Tento modern\u00ed reziden\u010dn\u00ed projekt propojuje komfort, udr\u017eitelnost a bl\u00edzkost p\u0159\u00edrody. Promy\u0161len\u00e9 dispozice a prostorn\u00e9 balkony, kter\u00e9 slou\u017e\u00ed jako dal\u0161\u00ed m\u00edstnost, jsou ide\u00e1ln\u00ed pro relaxaci, pr\u00e1ci nebo spole\u010dn\u00e9 chv\u00edle. <br \/><br \/>Energeticky \u00fasporn\u00e9 technologie v\u00e1m zajist\u00ed nejen pohodln\u00e9 bydlen\u00ed, ale i ni\u017e\u0161\u00ed n\u00e1klady na provoz. Horizont Kam\u00fdk nab\u00edz\u00ed prostory pro setk\u00e1v\u00e1n\u00ed s p\u0159\u00e1teli a sousedy, venkovn\u00ed m\u00edsta pro posezen\u00ed a relaxaci, a komunitn\u00ed z\u00e1zem\u00ed, kter\u00e9 podporuje zdrav\u00fd a spokojen\u00fd \u017eivot. Skv\u011bl\u00e1 dostupnost do centra a bl\u00edzkost \u0161kol a slu\u017eeb d\u011blaj\u00ed z tohoto projektu ide\u00e1ln\u00ed m\u00edsto pro \u017eivot.<\/p>\t\t\t\t\t\t\t\t<\/div>\n\t\t\t\t<\/div>\n\t\t\t\t<\/div>\n\t\t<div class=\"elementor-element elementor-element-498a362 e-con-full e-flex e-con e-child\" data-id=\"498a362\" data-element_type=\"container\">\n\t\t\t\t<div class=\"elementor-element elementor-element-22b93b5 elementor-widget elementor-widget-image\" data-id=\"22b93b5\" data-element_type=\"widget\" data-widget_type=\"image.default\">\n\t\t\t\t\t\t\t\t\t\t\t\t\t\t\t<img fetchpriority=\"high\" decoding=\"async\" width=\"439\" height=\"507\" src=\"https:\/\/web2503.forbrands.co\/wp-content\/uploads\/2025\/11\/image-1.png\" class=\"attachment-large size-large wp-image-13\" alt=\"\" srcset=\"https:\/\/web2503.forbrands.co\/wp-content\/uploads\/2025\/11\/image-1.png 439w, https:\/\/web2503.forbrands.co\/wp-content\/uploads\/2025\/11\/image-1-260x300.png 260w\" sizes=\"(max-width: 439px) 100vw, 439px\" \/>\t\t\t\t\t\t\t\t\t\t\t\t\t\t\t<\/div>\n\t\t\t\t<\/div>\n\t\t\t\t\t<\/div>\n\t\t\t\t<\/div>\n\t\t<div class=\"elementor-element elementor-element-fba9a63 e-flex e-con-boxed e-con e-parent\" data-id=\"fba9a63\" data-element_type=\"container\" data-settings=\"{&quot;background_background&quot;:&quot;classic&quot;}\">\n\t\t\t\t\t<div class=\"e-con-inner\">\n\t\t<div class=\"elementor-element elementor-element-128dea8 e-con-full e-flex e-con e-child\" data-id=\"128dea8\" data-element_type=\"container\">\n\t\t\t\t<div class=\"elementor-element elementor-element-6cf73c5 elementor-widget elementor-widget-text-editor\" data-id=\"6cf73c5\" data-element_type=\"widget\" data-widget_type=\"text-editor.default\">\n\t\t\t\t\t\t\t\t\t<p>Dokon\u010den\u00ed:2027<\/p>\t\t\t\t\t\t\t\t<\/div>\n\t\t\t\t<\/div>\n\t\t<div class=\"elementor-element elementor-element-6336291 e-con-full e-flex e-con e-child\" data-id=\"6336291\" data-element_type=\"container\">\n\t\t\t\t<div class=\"elementor-element elementor-element-60636c0 elementor-widget elementor-widget-text-editor\" data-id=\"60636c0\" data-element_type=\"widget\" data-widget_type=\"text-editor.default\">\n\t\t\t\t\t\t\t\t\t<p>Dispozice:1+kk a\u017e 4+kk<\/p>\t\t\t\t\t\t\t\t<\/div>\n\t\t\t\t<\/div>\n\t\t<div class=\"elementor-element elementor-element-d895115 e-con-full e-flex e-con e-child\" data-id=\"d895115\" data-element_type=\"container\">\n\t\t\t\t<div class=\"elementor-element elementor-element-178ad14 elementor-widget elementor-widget-text-editor\" data-id=\"178ad14\" data-element_type=\"widget\" data-widget_type=\"text-editor.default\">\n\t\t\t\t\t\t\t\t\t<p>Lokalita:Praha 12<\/p>\t\t\t\t\t\t\t\t<\/div>\n\t\t\t\t<\/div>\n\t\t<div class=\"elementor-element elementor-element-dd38d4c e-con-full e-flex e-con e-child\" data-id=\"dd38d4c\" data-element_type=\"container\">\n\t\t\t\t<div class=\"elementor-element elementor-element-0ffa732 elementor-widget elementor-widget-text-editor\" data-id=\"0ffa732\" data-element_type=\"widget\" data-widget_type=\"text-editor.default\">\n\t\t\t\t\t\t\t\t\tVoln\u00e9 byty:\n101\t\t\t\t\t\t\t\t<\/div>\n\t\t\t\t<\/div>\n\t\t\t\t\t<\/div>\n\t\t\t\t<\/div>\n\t\t<div class=\"elementor-element elementor-element-c086ba7 e-con-full e-flex e-con e-parent\" data-id=\"c086ba7\" data-element_type=\"container\">\n\t\t<div class=\"elementor-element elementor-element-00d2985 e-con-full e-flex e-con e-child\" data-id=\"00d2985\" data-element_type=\"container\" data-settings=\"{&quot;background_background&quot;:&quot;classic&quot;}\">\n\t\t<div class=\"elementor-element elementor-element-0f17e58 e-con-full e-flex e-con e-child\" data-id=\"0f17e58\" data-element_type=\"container\">\n\t\t<div class=\"elementor-element elementor-element-7b83db1 e-con-full e-flex e-con e-child\" data-id=\"7b83db1\" data-element_type=\"container\">\n\t\t\t\t<div class=\"elementor-element elementor-element-3244a77 elementor-widget elementor-widget-text-editor\" data-id=\"3244a77\" data-element_type=\"widget\" data-widget_type=\"text-editor.default\">\n\t\t\t\t\t\t\t\t\t<h3>Ekologick\u00e9 bydlen\u00ed<\/h3>\t\t\t\t\t\t\t\t<\/div>\n\t\t<div class=\"elementor-element elementor-element-024d83c e-con-full e-flex e-con e-child\" data-id=\"024d83c\" data-element_type=\"container\">\n\t\t\t\t<div class=\"elementor-element elementor-element-66689bc elementor-widget__width-initial elementor-view-default elementor-widget elementor-widget-icon\" data-id=\"66689bc\" data-element_type=\"widget\" data-widget_type=\"icon.default\">\n\t\t\t\t\t\t\t<div class=\"elementor-icon-wrapper\">\n\t\t\t<div class=\"elementor-icon\">\n\t\t\t<svg xmlns=\"http:\/\/www.w3.org\/2000\/svg\" width=\"32\" height=\"32\" viewBox=\"0 0 32 32\" fill=\"none\"><rect width=\"32\" height=\"32\" rx=\"2\" fill=\"white\"><\/rect><path fill-rule=\"evenodd\" clip-rule=\"evenodd\" d=\"M16.1448 12.2321C16.3376 12.0411 16.6503 12.0411 16.8431 12.2321L20.2999 15.6543C20.4928 15.8452 20.4928 16.1548 20.2999 16.3457L16.8431 19.7679C16.6503 19.9588 16.3376 19.9588 16.1448 19.7679C15.9519 19.577 15.9519 19.2674 16.1448 19.0765L18.7585 16.4889H12.0495C11.7768 16.4889 11.5557 16.27 11.5557 16C11.5557 15.73 11.7768 15.5111 12.0495 15.5111H18.7585L16.1448 12.9235C15.9519 12.7325 15.9519 12.423 16.1448 12.2321Z\" fill=\"#1D4321\"><\/path><\/svg>\t\t\t<\/div>\n\t\t<\/div>\n\t\t\t\t\t\t<\/div>\n\t\t\t\t<div class=\"elementor-element elementor-element-6ad6396 elementor-widget elementor-widget-text-editor\" data-id=\"6ad6396\" data-element_type=\"widget\" data-widget_type=\"text-editor.default\">\n\t\t\t\t\t\t\t\t\t<p>Prozkoumat ceny byt\u016f<\/p>\t\t\t\t\t\t\t\t<\/div>\n\t\t\t\t<\/div>\n\t\t\t\t<\/div>\n\t\t\t\t<\/div>\n\t\t\t\t<\/div>\n\t\t\t\t<\/div>\n\t\t<div class=\"elementor-element elementor-element-7b102c2 e-flex e-con-boxed e-con e-parent\" data-id=\"7b102c2\" data-element_type=\"container\">\n\t\t\t\t\t<div class=\"e-con-inner\">\n\t\t<div class=\"elementor-element elementor-element-faa9132 e-con-full e-flex e-con e-child\" data-id=\"faa9132\" data-element_type=\"container\">\n\t\t\t\t<div class=\"elementor-element elementor-element-582a900 elementor-widget elementor-widget-text-editor\" data-id=\"582a900\" data-element_type=\"widget\" data-widget_type=\"text-editor.default\">\n\t\t\t\t\t\t\t\t\t<h2>Aktu\u00e1ln\u00ed nab\u00eddka<\/h2>\n<p style=\"font-weight:400;\"> Vyberte si ten prav\u00fd byt podle sv\u00fdch pot\u0159eb, vkusu a mo\u017enost\u00ed.<\/p>\t\t\t\t\t\t\t\t<\/div>\n\t\t\t\t<\/div>\n\t\t\t\t\t<\/div>\n\t\t\t\t<\/div>\n\t\t<div class=\"elementor-element elementor-element-acb61c9 e-flex e-con-boxed e-con e-parent\" data-id=\"acb61c9\" data-element_type=\"container\">\n\t\t\t\t\t<div class=\"e-con-inner\">\n\t\t<div class=\"elementor-element elementor-element-82414bf e-con-full e-flex e-con e-child\" data-id=\"82414bf\" data-element_type=\"container\">\n\t\t\t\t<div class=\"elementor-element elementor-element-3118897 elementor-widget elementor-widget-text-editor\" data-id=\"3118897\" data-element_type=\"widget\" data-widget_type=\"text-editor.default\">\n\t\t\t\t\t\t\t\t\t<p>1+kk<\/p>\t\t\t\t\t\t\t\t<\/div>\n\t\t\t\t<\/div>\n\t\t<div class=\"elementor-element elementor-element-9837f56 e-con-full e-flex e-con e-child\" data-id=\"9837f56\" data-element_type=\"container\">\n\t\t\t\t<div class=\"elementor-element elementor-element-074b091 elementor-widget elementor-widget-text-editor\" data-id=\"074b091\" data-element_type=\"widget\" data-widget_type=\"text-editor.default\">\n\t\t\t\t\t\t\t\t\t<p>2+kk<\/p>\t\t\t\t\t\t\t\t<\/div>\n\t\t\t\t<\/div>\n\t\t<div class=\"elementor-element elementor-element-bb15674 e-con-full e-flex e-con e-child\" data-id=\"bb15674\" data-element_type=\"container\">\n\t\t\t\t<div class=\"elementor-element elementor-element-9b95544 elementor-widget elementor-widget-text-editor\" data-id=\"9b95544\" data-element_type=\"widget\" data-widget_type=\"text-editor.default\">\n\t\t\t\t\t\t\t\t\t<p>3+kk<\/p>\t\t\t\t\t\t\t\t<\/div>\n\t\t\t\t<\/div>\n\t\t<div class=\"elementor-element elementor-element-4d09aad e-con-full e-flex e-con e-child\" data-id=\"4d09aad\" data-element_type=\"container\">\n\t\t\t\t<div class=\"elementor-element elementor-element-1ad8b49 elementor-widget elementor-widget-text-editor\" data-id=\"1ad8b49\" data-element_type=\"widget\" data-widget_type=\"text-editor.default\">\n\t\t\t\t\t\t\t\t\t<p>4+kk<\/p>\t\t\t\t\t\t\t\t<\/div>\n\t\t\t\t<\/div>\n\t\t\t\t\t<\/div>\n\t\t\t\t<\/div>\n\t\t<div class=\"elementor-element elementor-element-8b612fe e-flex e-con-boxed e-con e-parent\" data-id=\"8b612fe\" data-element_type=\"container\">\n\t\t\t\t\t<div class=\"e-con-inner\">\n\t\t<div class=\"elementor-element elementor-element-f85d52f e-con-full e-flex e-con e-child\" data-id=\"f85d52f\" data-element_type=\"container\">\n\t\t\t\t<div class=\"elementor-element elementor-element-6dd9ec8 elementor-widget elementor-widget-image\" data-id=\"6dd9ec8\" data-element_type=\"widget\" data-widget_type=\"image.default\">\n\t\t\t\t\t\t\t\t\t\t\t\t\t\t\t<img decoding=\"async\" width=\"464\" height=\"318\" src=\"https:\/\/web2503.forbrands.co\/wp-content\/uploads\/2025\/11\/Podorys.png\" class=\"attachment-large size-large wp-image-68\" alt=\"\" srcset=\"https:\/\/web2503.forbrands.co\/wp-content\/uploads\/2025\/11\/Podorys.png 464w, https:\/\/web2503.forbrands.co\/wp-content\/uploads\/2025\/11\/Podorys-300x206.png 300w\" sizes=\"(max-width: 464px) 100vw, 464px\" \/>\t\t\t\t\t\t\t\t\t\t\t\t\t\t\t<\/div>\n\t\t\t\t<\/div>\n\t\t<div class=\"elementor-element elementor-element-21b074a e-con-full e-flex e-con e-child\" data-id=\"21b074a\" data-element_type=\"container\">\n\t\t<div class=\"elementor-element elementor-element-7fce92e e-grid e-con-full e-con e-child\" data-id=\"7fce92e\" data-element_type=\"container\">\n\t\t\t\t<div class=\"elementor-element elementor-element-417abfa elementor-widget elementor-widget-text-editor\" data-id=\"417abfa\" data-element_type=\"widget\" data-widget_type=\"text-editor.default\">\n\t\t\t\t\t\t\t\t\t<h2>od 60 m2<\/h2>\t\t\t\t\t\t\t\t<\/div>\n\t\t\t\t<div class=\"elementor-element elementor-element-eb86c9c elementor-align-left elementor-widget__width-inherit elementor-widget elementor-widget-button\" data-id=\"eb86c9c\" data-element_type=\"widget\" data-widget_type=\"button.default\">\n\t\t\t\t\t\t\t\t\t\t<a class=\"elementor-button elementor-button-link elementor-size-sm\" href=\"#\">\n\t\t\t\t\t\t<span class=\"elementor-button-content-wrapper\">\n\t\t\t\t\t\t\t\t\t<span class=\"elementor-button-text\">Zjistit ceny byt\u016f<\/span>\n\t\t\t\t\t<\/span>\n\t\t\t\t\t<\/a>\n\t\t\t\t\t\t\t\t<\/div>\n\t\t\t\t<div class=\"elementor-element elementor-element-f173d1c elementor-widget elementor-widget-text-editor\" data-id=\"f173d1c\" data-element_type=\"widget\" data-widget_type=\"text-editor.default\">\n\t\t\t\t\t\t\t\t\t<p>10 voln\u00fdch byt\u016f<\/p>\t\t\t\t\t\t\t\t<\/div>\n\t\t\t\t<\/div>\n\t\t\t\t<\/div>\n\t\t\t\t\t<\/div>\n\t\t\t\t<\/div>\n\t\t\t\t<\/div>\n\t\t","protected":false},"excerpt":{"rendered":"<p>\u00dasporn\u00e9 bydlen\u00ed s balkony, kter\u00e9 prom\u011bn\u00ed v\u00e1\u0161 \u017eivotn\u00ed prostor. Horizont Kam\u00fdk je m\u00edstem, kde za\u010d\u00edn\u00e1 nov\u00e1 kapitola va\u0161eho \u017eivota. Tento modern\u00ed reziden\u010dn\u00ed projekt propojuje komfort, udr\u017eitelnost a bl\u00edzkost p\u0159\u00edrody. Promy\u0161len\u00e9 dispozice a prostorn\u00e9 balkony, kter\u00e9 slou\u017e\u00ed jako dal\u0161\u00ed m\u00edstnost, jsou ide\u00e1ln\u00ed pro relaxaci, pr\u00e1ci nebo spole\u010dn\u00e9 chv\u00edle. Energeticky \u00fasporn\u00e9 technologie v\u00e1m zajist\u00ed nejen pohodln\u00e9 bydlen\u00ed, [&hellip;]<\/p>\n","protected":false},"author":1,"featured_media":0,"parent":0,"menu_order":0,"comment_status":"closed","ping_status":"closed","template":"","meta":{"footnotes":""},"class_list":["post-7","page","type-page","status-publish","hentry"],"_links":{"self":[{"href":"https:\/\/web2503.forbrands.co\/index.php?rest_route=\/wp\/v2\/pages\/7","targetHints":{"allow":["GET"]}}],"collection":[{"href":"https:\/\/web2503.forbrands.co\/index.php?rest_route=\/wp\/v2\/pages"}],"about":[{"href":"https:\/\/web2503.forbrands.co\/index.php?rest_route=\/wp\/v2\/types\/page"}],"author":[{"embeddable":true,"href":"https:\/\/web2503.forbrands.co\/index.php?rest_route=\/wp\/v2\/users\/1"}],"replies":[{"embeddable":true,"href":"https:\/\/web2503.forbrands.co\/index.php?rest_route=%2Fwp%2Fv2%2Fcomments&post=7"}],"version-history":[{"count":6,"href":"https:\/\/web2503.forbrands.co\/index.php?rest_route=\/wp\/v2\/pages\/7\/revisions"}],"predecessor-version":[{"id":72,"href":"https:\/\/web2503.forbrands.co\/index.php?rest_route=\/wp\/v2\/pages\/7\/revisions\/72"}],"wp:attachment":[{"href":"https:\/\/web2503.forbrands.co\/index.php?rest_route=%2Fwp%2Fv2%2Fmedia&parent=7"}],"curies":[{"name":"wp","href":"https:\/\/api.w.org\/{rel}","templated":true}]}}